{"id":556,"date":"2019-06-18T17:00:44","date_gmt":"2019-06-18T17:00:44","guid":{"rendered":"https:\/\/www.digitalagencybarcelona.com\/?page_id=556"},"modified":"2019-06-19T16:13:41","modified_gmt":"2019-06-19T16:13:41","slug":"politique-de-cookies","status":"publish","type":"page","link":"https:\/\/www.digitalagencybarcelona.com\/fr\/politique-de-cookies\/","title":{"rendered":"Politique de cookies"},"content":{"rendered":"\n<style type=\"text\/css\" data-created_by=\"avia_inline_auto\" id=\"style-css-av-av_heading-7aa1db48672b2e461d473b98737f2383\">\n#top .av-special-heading.av-av_heading-7aa1db48672b2e461d473b98737f2383{\npadding-bottom:10px;\n}\nbody .av-special-heading.av-av_heading-7aa1db48672b2e461d473b98737f2383 .av-special-heading-tag .heading-char{\nfont-size:25px;\n}\n.av-special-heading.av-av_heading-7aa1db48672b2e461d473b98737f2383 .av-subheading{\nfont-size:15px;\n}\n<\/style>\n<div  class='av-special-heading av-av_heading-7aa1db48672b2e461d473b98737f2383 av-special-heading-h2  avia-builder-el-0  el_before_av_heading  avia-builder-el-first '><h2 class='av-special-heading-tag '  itemprop=\"headline\"  >Politique de cookies<\/h2><div class=\"special-heading-border\"><div class=\"special-heading-inner-border\"><\/div><\/div><\/div>\n\n<style type=\"text\/css\" data-created_by=\"avia_inline_auto\" id=\"style-css-av-av_heading-75f601fb39e17aa978933b8e9ec2f6ee\">\n#top .av-special-heading.av-av_heading-75f601fb39e17aa978933b8e9ec2f6ee{\nmargin:0 0 0 0;\npadding-bottom:10px;\nfont-size:11px;\n}\nbody .av-special-heading.av-av_heading-75f601fb39e17aa978933b8e9ec2f6ee .av-special-heading-tag .heading-char{\nfont-size:25px;\n}\n#top #wrap_all .av-special-heading.av-av_heading-75f601fb39e17aa978933b8e9ec2f6ee .av-special-heading-tag{\nfont-size:11px;\n}\n.av-special-heading.av-av_heading-75f601fb39e17aa978933b8e9ec2f6ee .av-subheading{\nfont-size:15px;\n}\n\n@media only screen and (min-width: 480px) and (max-width: 767px){ \n#top #wrap_all .av-special-heading.av-av_heading-75f601fb39e17aa978933b8e9ec2f6ee .av-special-heading-tag{\nfont-size:0.8em;\n}\n}\n\n@media only screen and (max-width: 479px){ \n#top #wrap_all .av-special-heading.av-av_heading-75f601fb39e17aa978933b8e9ec2f6ee .av-special-heading-tag{\nfont-size:0.8em;\n}\n}\n<\/style>\n<div  class='av-special-heading av-av_heading-75f601fb39e17aa978933b8e9ec2f6ee av-special-heading-h1 blockquote classic-quote  avia-builder-el-1  el_after_av_heading  el_before_av_textblock  av-inherit-size'><h1 class='av-special-heading-tag '  itemprop=\"headline\"  >de la Digital Agency Barcelona \u2013 D\u00e9veloppement d\u2019E-commerce, pages Web, landing pages, applications Web, etc<\/h1><div class=\"special-heading-border\"><div class=\"special-heading-inner-border\"><\/div><\/div><\/div>\n<section  class='av_textblock_section av-jx220af2-683095453ce494d56b058ec8fe703d51 '   itemscope=\"itemscope\" itemtype=\"https:\/\/schema.org\/CreativeWork\" ><div class='avia_textblock'  itemprop=\"text\" ><blockquote>\n<p>Informations sur les cookies<\/p>\n<\/blockquote>\n<p>En raison de l\u2019entr\u00e9e en vigueur de la modification de la \u00ab Loi sur les services de la soci\u00e9t\u00e9 de l\u2019information \u00bb (LSSICE) \u00e9tablie par le d\u00e9cret royal 13\/2012, il est obligatoire d\u2019obtenir le consentement expresse de l\u2019utilisateur de toutes les pages Web qui utilisent des cookies indispensables, avant qu\u2019il ne les visite.<\/p>\n<blockquote>\n<p>Qu\u2019est-ce qu\u2019un cookie ?<\/p>\n<\/blockquote>\n<p>Les cookies et autres technologies similaires tels que les objets locaux partag\u00e9s, les cookies flash ou les pixels, sont des outils utilis\u00e9s par les serveurs Web pour stocker et r\u00e9cup\u00e9rer des informations sur les visiteurs, ainsi que pour assurer un bon fonctionnement du site.<\/p>\n<p>En utilisant ces dispositifs, le serveur Web est autoris\u00e9 \u00e0 m\u00e9moriser certaines informations concernant l\u2019utilisateur, telles que ses pr\u00e9f\u00e9rences pour visualiser les pages de ce serveur, son nom et son mot de passe, les produits qui l\u2019int\u00e9ressent le plus, etc.<\/p>\n<blockquote>\n<p>Cookies accept\u00e9s par la r\u00e9glementation et cookies exclus<\/p>\n<\/blockquote>\n<p>Selon la directive europ\u00e9enne, les cookies qui n\u00e9cessitent un consentement \u00e9clair\u00e9 de l\u2019utilisateur sont des cookies analytiques, des cookies publicitaires et d\u2019affiliation, \u00e0 l\u2019exception de ceux de nature technique et ceux n\u00e9cessaires au fonctionnement du site ou \u00e0 la fourniture de services express\u00e9ment demand\u00e9s par l\u2019utilisateur.<\/p>\n<blockquote>\n<p>Informations sur les cookies utilis\u00e9s<\/p>\n<\/blockquote>\n<p>Nous vous informons que ce site Web utilise des cookies afin d\u2019ex\u00e9cuter les communications \u00e9lectroniques n\u00e9cessaires \u00e0 la navigation, ainsi que pour fournir ou activer des services ou des fonctionnalit\u00e9s que vous avez demand\u00e9es. Ces cookies :<\/p>\n<ul>\n<li>se rappellent de la pr\u00e9f\u00e9rence de langue indiqu\u00e9e.<\/li>\n<li>augmentent la s\u00e9curit\u00e9 de la navigation sur notre site Web.<\/li>\n<li>permettent une navigation plus ais\u00e9e.<\/li>\n<li>assurent la reproduction de contenus multim\u00e9dia.<\/li>\n<\/ul>\n<p>Ce site utilise \u00e9galement ses propres cookies destin\u00e9s \u00e0 recueillir des informations sur la navigation des utilisateurs du site, de fa\u00e7on compl\u00e8tement anonyme et dissoci\u00e9e, \u00e0 des fins strictement statistiques et pour am\u00e9liorer la fonctionnalit\u00e9 du site, dont l\u2019utilisation nous permet de:<\/p>\n<ul>\n<li>Conna\u00eetre le nombre de visiteurs sur le site Web de SW Web Digital Agency Barcelona CORP S.L.<\/li>\n<li>Compter le nombre de visites de chacune des diff\u00e9rentes pages de ce site Web<\/li>\n<li>Conna\u00eetre l\u2019activit\u00e9 sur le portail pour identifier les probl\u00e8mes et am\u00e9liorer la navigation<\/li>\n<\/ul>\n<p>Vous pouvez d\u00e9sactiver l\u2019utilisation des cookies \u00e0 tout moment en modifiant les param\u00e8tres de configuration de votre navigateur:<\/p>\n<p>Pour la configuration des cookies sur <a href=\"http:\/\/windows.microsoft.com\/es-es\/windows-vista\/block-or-allow-cookies\" target=\"_blank\" rel=\"noopener noreferrer\">Internet Explorer<\/a><br \/>\nPour la configuration des cookies sur <a href=\"http:\/\/support.mozilla.org\/es\/kb\/habilitar-y-deshabilitar-cookies-que-los-sitios-we\" target=\"_blank\" rel=\"noopener noreferrer\">Firefox<\/a><br \/>\nPour la configuration des cookies sur <a href=\"http:\/\/support.google.com\/chrome\/bin\/answer.py?hl=es&amp;answer=95647\" target=\"_blank\" rel=\"noopener noreferrer\">Google Chrome<\/a><br \/>\nPour la configuration des cookies sur <a href=\"http:\/\/support.apple.com\/kb\/HT1677?viewlocale=es_ES&amp;locale=es_ES\" target=\"_blank\" rel=\"noopener noreferrer\">Safari<\/a><\/p>\n<p>Vous pouvez aussi d\u00e9sactiver l\u2019utilisation de certains services \u00e0 tout moment:<\/p>\n<p><strong><div data-disabled_by_browser=\"Merci d\u2019activer cette fonctionnalit\u00e9 dans vos r\u00e9glages navigateur et rechargez la page.\" class=\"av-switch-aviaPrivacyGoogleTrackingDisabled av-toggle-switch av-cookie-disable-external-toggle av-cookie-save-unchecked av-cookie-default-unchecked\"><label><input type=\"checkbox\"  id=\"aviaPrivacyGoogleTrackingDisabled\" class=\"aviaPrivacyGoogleTrackingDisabled \" name=\"aviaPrivacyGoogleTrackingDisabled\" ><span class=\"toggle-track\"><\/span><span class=\"toggle-label-content\">Cliquer pour autoriser \/ refuser le tracking Google Analytics.<\/span><\/label><\/div><\/strong><\/p>\n<p><strong><div class=\"av-switch-aviaPrivacyGoogleWebfontsDisabled av-toggle-switch av-cookie-disable-external-toggle av-cookie-save-unchecked av-cookie-default-unchecked\"><label><input type=\"checkbox\"  id=\"aviaPrivacyGoogleWebfontsDisabled\" class=\"aviaPrivacyGoogleWebfontsDisabled \" name=\"aviaPrivacyGoogleWebfontsDisabled\" ><span class=\"toggle-track\"><\/span><span class=\"toggle-label-content\">Cliquer pour activer\/d\u00e9sactiver les polices Google Fonts.<\/span><\/label><\/div><\/strong><\/p>\n<\/div><\/section>\n","protected":false},"excerpt":{"rendered":"","protected":false},"author":1,"featured_media":0,"parent":0,"menu_order":0,"comment_status":"closed","ping_status":"closed","template":"","meta":{"footnotes":""},"class_list":["post-556","page","type-page","status-publish","hentry"],"yoast_head":"<!-- This site is optimized with the Yoast SEO plugin v25.3.1 - https:\/\/yoast.com\/wordpress\/plugins\/seo\/ -->\n<title>Politique de cookies - Digital Agency Barcelona<\/title>\n<meta name=\"robots\" content=\"index, follow, max-snippet:-1, max-image-preview:large, max-video-preview:-1\" \/>\n<link rel=\"canonical\" href=\"https:\/\/www.digitalagencybarcelona.com\/fr\/politique-de-cookies\/\" \/>\n<meta property=\"og:locale\" content=\"fr_FR\" \/>\n<meta property=\"og:type\" content=\"article\" \/>\n<meta property=\"og:title\" content=\"Politique de cookies - Digital Agency Barcelona\" \/>\n<meta property=\"og:url\" content=\"https:\/\/www.digitalagencybarcelona.com\/fr\/politique-de-cookies\/\" \/>\n<meta property=\"og:site_name\" content=\"Digital Agency Barcelona\" \/>\n<meta property=\"article:modified_time\" content=\"2019-06-19T16:13:41+00:00\" \/>\n<meta name=\"twitter:card\" content=\"summary_large_image\" \/>\n<meta name=\"twitter:label1\" content=\"Dur\u00e9e de lecture estim\u00e9e\" \/>\n\t<meta name=\"twitter:data1\" content=\"3 minutes\" \/>\n<script type=\"application\/ld+json\" class=\"yoast-schema-graph\">{\"@context\":\"https:\/\/schema.org\",\"@graph\":[{\"@type\":\"WebPage\",\"@id\":\"https:\/\/www.digitalagencybarcelona.com\/fr\/politique-de-cookies\/\",\"url\":\"https:\/\/www.digitalagencybarcelona.com\/fr\/politique-de-cookies\/\",\"name\":\"Politique de cookies - Digital Agency Barcelona\",\"isPartOf\":{\"@id\":\"https:\/\/www.digitalagencybarcelona.com\/fr\/#website\"},\"datePublished\":\"2019-06-18T17:00:44+00:00\",\"dateModified\":\"2019-06-19T16:13:41+00:00\",\"breadcrumb\":{\"@id\":\"https:\/\/www.digitalagencybarcelona.com\/fr\/politique-de-cookies\/#breadcrumb\"},\"inLanguage\":\"fr-FR\",\"potentialAction\":[{\"@type\":\"ReadAction\",\"target\":[\"https:\/\/www.digitalagencybarcelona.com\/fr\/politique-de-cookies\/\"]}]},{\"@type\":\"BreadcrumbList\",\"@id\":\"https:\/\/www.digitalagencybarcelona.com\/fr\/politique-de-cookies\/#breadcrumb\",\"itemListElement\":[{\"@type\":\"ListItem\",\"position\":1,\"name\":\"Portada\",\"item\":\"https:\/\/www.digitalagencybarcelona.com\/fr\/home\/\"},{\"@type\":\"ListItem\",\"position\":2,\"name\":\"Politique de cookies\"}]},{\"@type\":\"WebSite\",\"@id\":\"https:\/\/www.digitalagencybarcelona.com\/fr\/#website\",\"url\":\"https:\/\/www.digitalagencybarcelona.com\/fr\/\",\"name\":\"Digital Agency Barcelona\",\"description\":\"Web design, marketing en ligne, application mobile, gestion de RRSS, mailing et autres services tels que l&#039;h\u00e9bergement ou la gestion de comptes mail...\",\"potentialAction\":[{\"@type\":\"SearchAction\",\"target\":{\"@type\":\"EntryPoint\",\"urlTemplate\":\"https:\/\/www.digitalagencybarcelona.com\/fr\/?s={search_term_string}\"},\"query-input\":{\"@type\":\"PropertyValueSpecification\",\"valueRequired\":true,\"valueName\":\"search_term_string\"}}],\"inLanguage\":\"fr-FR\"}]}<\/script>\n<!-- \/ Yoast SEO plugin. -->","yoast_head_json":{"title":"Politique de cookies - Digital Agency Barcelona","robots":{"index":"index","follow":"follow","max-snippet":"max-snippet:-1","max-image-preview":"max-image-preview:large","max-video-preview":"max-video-preview:-1"},"canonical":"https:\/\/www.digitalagencybarcelona.com\/fr\/politique-de-cookies\/","og_locale":"fr_FR","og_type":"article","og_title":"Politique de cookies - Digital Agency Barcelona","og_url":"https:\/\/www.digitalagencybarcelona.com\/fr\/politique-de-cookies\/","og_site_name":"Digital Agency Barcelona","article_modified_time":"2019-06-19T16:13:41+00:00","twitter_card":"summary_large_image","twitter_misc":{"Dur\u00e9e de lecture estim\u00e9e":"3 minutes"},"schema":{"@context":"https:\/\/schema.org","@graph":[{"@type":"WebPage","@id":"https:\/\/www.digitalagencybarcelona.com\/fr\/politique-de-cookies\/","url":"https:\/\/www.digitalagencybarcelona.com\/fr\/politique-de-cookies\/","name":"Politique de cookies - Digital Agency Barcelona","isPartOf":{"@id":"https:\/\/www.digitalagencybarcelona.com\/fr\/#website"},"datePublished":"2019-06-18T17:00:44+00:00","dateModified":"2019-06-19T16:13:41+00:00","breadcrumb":{"@id":"https:\/\/www.digitalagencybarcelona.com\/fr\/politique-de-cookies\/#breadcrumb"},"inLanguage":"fr-FR","potentialAction":[{"@type":"ReadAction","target":["https:\/\/www.digitalagencybarcelona.com\/fr\/politique-de-cookies\/"]}]},{"@type":"BreadcrumbList","@id":"https:\/\/www.digitalagencybarcelona.com\/fr\/politique-de-cookies\/#breadcrumb","itemListElement":[{"@type":"ListItem","position":1,"name":"Portada","item":"https:\/\/www.digitalagencybarcelona.com\/fr\/home\/"},{"@type":"ListItem","position":2,"name":"Politique de cookies"}]},{"@type":"WebSite","@id":"https:\/\/www.digitalagencybarcelona.com\/fr\/#website","url":"https:\/\/www.digitalagencybarcelona.com\/fr\/","name":"Digital Agency Barcelona","description":"Web design, marketing en ligne, application mobile, gestion de RRSS, mailing et autres services tels que l&#039;h\u00e9bergement ou la gestion de comptes mail...","potentialAction":[{"@type":"SearchAction","target":{"@type":"EntryPoint","urlTemplate":"https:\/\/www.digitalagencybarcelona.com\/fr\/?s={search_term_string}"},"query-input":{"@type":"PropertyValueSpecification","valueRequired":true,"valueName":"search_term_string"}}],"inLanguage":"fr-FR"}]}},"_links":{"self":[{"href":"https:\/\/www.digitalagencybarcelona.com\/fr\/wp-json\/wp\/v2\/pages\/556","targetHints":{"allow":["GET"]}}],"collection":[{"href":"https:\/\/www.digitalagencybarcelona.com\/fr\/wp-json\/wp\/v2\/pages"}],"about":[{"href":"https:\/\/www.digitalagencybarcelona.com\/fr\/wp-json\/wp\/v2\/types\/page"}],"author":[{"embeddable":true,"href":"https:\/\/www.digitalagencybarcelona.com\/fr\/wp-json\/wp\/v2\/users\/1"}],"replies":[{"embeddable":true,"href":"https:\/\/www.digitalagencybarcelona.com\/fr\/wp-json\/wp\/v2\/comments?post=556"}],"version-history":[{"count":9,"href":"https:\/\/www.digitalagencybarcelona.com\/fr\/wp-json\/wp\/v2\/pages\/556\/revisions"}],"predecessor-version":[{"id":1411,"href":"https:\/\/www.digitalagencybarcelona.com\/fr\/wp-json\/wp\/v2\/pages\/556\/revisions\/1411"}],"wp:attachment":[{"href":"https:\/\/www.digitalagencybarcelona.com\/fr\/wp-json\/wp\/v2\/media?parent=556"}],"curies":[{"name":"wp","href":"https:\/\/api.w.org\/{rel}","templated":true}]}}