{"id":1805,"date":"2022-09-08T10:37:04","date_gmt":"2022-09-08T10:37:04","guid":{"rendered":"https:\/\/www.digitalagencybarcelona.com\/outils-web\/"},"modified":"2022-09-08T10:37:04","modified_gmt":"2022-09-08T10:37:04","slug":"outils-web","status":"publish","type":"page","link":"https:\/\/www.digitalagencybarcelona.com\/fr\/centre-daide\/outils-web\/","title":{"rendered":"Outils Web"},"content":{"rendered":"<p><div  class='flex_column av-212c6e-6b4fdf08f834bd77fd54a0d7f9617484 av_one_full  avia-builder-el-0  el_before_av_one_half  avia-builder-el-first  first flex_column_div  '     ><p>\n<style type=\"text\/css\" data-created_by=\"avia_inline_auto\" id=\"style-css-av-kzon0iup-be88ed65bdefcc370d308fe25d3f1eaf\">\n#top .av-special-heading.av-kzon0iup-be88ed65bdefcc370d308fe25d3f1eaf{\npadding-bottom:10px;\n}\nbody .av-special-heading.av-kzon0iup-be88ed65bdefcc370d308fe25d3f1eaf .av-special-heading-tag .heading-char{\nfont-size:25px;\n}\n.av-special-heading.av-kzon0iup-be88ed65bdefcc370d308fe25d3f1eaf .av-subheading{\nfont-size:15px;\n}\n<\/style>\n<div  class='av-special-heading av-kzon0iup-be88ed65bdefcc370d308fe25d3f1eaf av-special-heading-h2 blockquote modern-quote  avia-builder-el-1  el_before_av_hr  avia-builder-el-first  av-linked-heading'><h2 class='av-special-heading-tag '  itemprop=\"headline\"  ><a class=\"av-heading-link\" href=\"https:\/\/www.digitalagencybarcelona.com\/?page_id=1062\" >Aide et FAQ &#8211; Outils Web<\/a><\/h2><div class=\"special-heading-border\"><div class=\"special-heading-inner-border\"><\/div><\/div><\/div><br \/>\n\n<style type=\"text\/css\" data-created_by=\"avia_inline_auto\" id=\"style-css-av-kzomnr7e-d0285fd21ffa2de5a184f72425693bbc\">\n#top .hr.hr-invisible.av-kzomnr7e-d0285fd21ffa2de5a184f72425693bbc{\nheight:50px;\n}\n<\/style>\n<div  class='hr av-kzomnr7e-d0285fd21ffa2de5a184f72425693bbc hr-invisible  avia-builder-el-2  el_after_av_heading  avia-builder-el-last '><span class='hr-inner '><span class=\"hr-inner-style\"><\/span><\/span><\/div><\/p><\/div><div  class='flex_column av-32eflg-25c22f9dca5a07a16682580c315e3ff1 av_one_half  avia-builder-el-3  el_after_av_one_full  el_before_av_one_half  first flex_column_div  column-top-margin'     ><div  class='av-alb-blogposts template-blog  '  itemscope=\"itemscope\" itemtype=\"https:\/\/schema.org\/Blog\" ><article class=\"post-entry post-entry-type-standard post-entry-1856 post-loop-1 post-parity-odd bloglist-compact  post-1856 post type-post status-publish format-standard hentry category-outils-web\"  itemscope=\"itemscope\" itemtype=\"https:\/\/schema.org\/BlogPosting\" ><div class=\"blog-meta\"><\/div><div class='entry-content-wrapper clearfix standard-content'><header class=\"entry-content-header\" aria-label=\"Articles : G\u00e9n\u00e9rateur de politique de confidentialit\u00e9\"><span class='fallback-post-type-icon avia-svg-icon avia-font-svg_entypo-fontello' data-av_svg_icon='pencil' data-av_iconset='svg_entypo-fontello'><svg version=\"1.1\" xmlns=\"http:\/\/www.w3.org\/2000\/svg\" width=\"25\" height=\"32\" viewBox=\"0 0 25 32\" preserveAspectRatio=\"xMidYMid meet\" role=\"graphics-symbol\" aria-hidden=\"true\">\n<path d=\"M22.976 5.44q1.024 1.024 1.504 2.048t0.48 1.536v0.512l-8.064 8.064-9.28 9.216-7.616 1.664 1.6-7.68 9.28-9.216 8.064-8.064q1.728-0.384 4.032 1.92zM7.168 25.92l0.768-0.768q-0.064-1.408-1.664-3.008-0.704-0.704-1.44-1.12t-1.12-0.416l-0.448-0.064-0.704 0.768-0.576 2.56q0.896 0.512 1.472 1.088 0.768 0.768 1.152 1.536z\"><\/path>\n<\/svg><\/span><h2 class='post-title entry-title '  itemprop=\"headline\" ><a href=\"https:\/\/www.digitalagencybarcelona.com\/fr\/centre-daide\/outils-web\/generateur-de-politique-de-confidentialite\/\" rel=\"bookmark\" title=\"Lien permanent : G\u00e9n\u00e9rateur de politique de confidentialit\u00e9\">G\u00e9n\u00e9rateur de politique de confidentialit\u00e9<span class=\"post-format-icon minor-meta\"><\/span><\/a><\/h2><\/header><footer class=\"entry-footer\"><\/footer><div class='post_delimiter'><\/div><\/div><div class=\"post_author_timeline\"><\/div><span class='hidden'>\n\t\t\t\t<span class='av-structured-data'  itemprop=\"image\" itemscope=\"itemscope\" itemtype=\"https:\/\/schema.org\/ImageObject\" >\n\t\t\t\t\t\t<span itemprop='url'>https:\/\/www.digitalagencybarcelona.com\/wp-content\/uploads\/2022\/02\/logo-web-2-300x138.png<\/span>\n\t\t\t\t\t\t<span itemprop='height'>0<\/span>\n\t\t\t\t\t\t<span itemprop='width'>0<\/span>\n\t\t\t\t<\/span>\n\t\t\t\t<span class='av-structured-data'  itemprop=\"publisher\" itemtype=\"https:\/\/schema.org\/Organization\" itemscope=\"itemscope\" >\n\t\t\t\t\t\t<span itemprop='name'>william<\/span>\n\t\t\t\t\t\t<span itemprop='logo' itemscope itemtype='https:\/\/schema.org\/ImageObject'>\n\t\t\t\t\t\t\t<span itemprop='url'>https:\/\/www.digitalagencybarcelona.com\/wp-content\/uploads\/2022\/02\/logo-web-2-300x138.png<\/span>\n\t\t\t\t\t\t<\/span>\n\t\t\t\t<\/span><span class='av-structured-data'  itemprop=\"author\" itemscope=\"itemscope\" itemtype=\"https:\/\/schema.org\/Person\" ><span itemprop='name'>william<\/span><\/span><span class='av-structured-data'  itemprop=\"datePublished\" datetime=\"2022-09-08T14:06:21+00:00\" >2022-09-08 14:06:21<\/span><span class='av-structured-data'  itemprop=\"dateModified\" itemtype=\"https:\/\/schema.org\/dateModified\" >2022-09-08 14:06:22<\/span><span class='av-structured-data'  itemprop=\"mainEntityOfPage\" itemtype=\"https:\/\/schema.org\/mainEntityOfPage\" ><span itemprop='name'>G\u00e9n\u00e9rateur de politique de confidentialit\u00e9<\/span><\/span><\/span><\/article><article class=\"post-entry post-entry-type-standard post-entry-1843 post-loop-2 post-parity-even bloglist-compact  post-1843 post type-post status-publish format-standard hentry category-outils-web\"  itemscope=\"itemscope\" itemtype=\"https:\/\/schema.org\/BlogPosting\" ><div class=\"blog-meta\"><\/div><div class='entry-content-wrapper clearfix standard-content'><header class=\"entry-content-header\" aria-label=\"Articles : G\u00e9n\u00e9rateur de politique de cookies\"><span class='fallback-post-type-icon avia-svg-icon avia-font-svg_entypo-fontello' data-av_svg_icon='pencil' data-av_iconset='svg_entypo-fontello'><svg version=\"1.1\" xmlns=\"http:\/\/www.w3.org\/2000\/svg\" width=\"25\" height=\"32\" viewBox=\"0 0 25 32\" preserveAspectRatio=\"xMidYMid meet\" role=\"graphics-symbol\" aria-hidden=\"true\">\n<path d=\"M22.976 5.44q1.024 1.024 1.504 2.048t0.48 1.536v0.512l-8.064 8.064-9.28 9.216-7.616 1.664 1.6-7.68 9.28-9.216 8.064-8.064q1.728-0.384 4.032 1.92zM7.168 25.92l0.768-0.768q-0.064-1.408-1.664-3.008-0.704-0.704-1.44-1.12t-1.12-0.416l-0.448-0.064-0.704 0.768-0.576 2.56q0.896 0.512 1.472 1.088 0.768 0.768 1.152 1.536z\"><\/path>\n<\/svg><\/span><h2 class='post-title entry-title '  itemprop=\"headline\" ><a href=\"https:\/\/www.digitalagencybarcelona.com\/fr\/centre-daide\/outils-web\/generateur-de-politique-de-cookies\/\" rel=\"bookmark\" title=\"Lien permanent : G\u00e9n\u00e9rateur de politique de cookies\">G\u00e9n\u00e9rateur de politique de cookies<span class=\"post-format-icon minor-meta\"><\/span><\/a><\/h2><\/header><footer class=\"entry-footer\"><\/footer><div class='post_delimiter'><\/div><\/div><div class=\"post_author_timeline\"><\/div><span class='hidden'>\n\t\t\t\t<span class='av-structured-data'  itemprop=\"image\" itemscope=\"itemscope\" itemtype=\"https:\/\/schema.org\/ImageObject\" >\n\t\t\t\t\t\t<span itemprop='url'>https:\/\/www.digitalagencybarcelona.com\/wp-content\/uploads\/2022\/02\/logo-web-2-300x138.png<\/span>\n\t\t\t\t\t\t<span itemprop='height'>0<\/span>\n\t\t\t\t\t\t<span itemprop='width'>0<\/span>\n\t\t\t\t<\/span>\n\t\t\t\t<span class='av-structured-data'  itemprop=\"publisher\" itemtype=\"https:\/\/schema.org\/Organization\" itemscope=\"itemscope\" >\n\t\t\t\t\t\t<span itemprop='name'>william<\/span>\n\t\t\t\t\t\t<span itemprop='logo' itemscope itemtype='https:\/\/schema.org\/ImageObject'>\n\t\t\t\t\t\t\t<span itemprop='url'>https:\/\/www.digitalagencybarcelona.com\/wp-content\/uploads\/2022\/02\/logo-web-2-300x138.png<\/span>\n\t\t\t\t\t\t<\/span>\n\t\t\t\t<\/span><span class='av-structured-data'  itemprop=\"author\" itemscope=\"itemscope\" itemtype=\"https:\/\/schema.org\/Person\" ><span itemprop='name'>william<\/span><\/span><span class='av-structured-data'  itemprop=\"datePublished\" datetime=\"2022-09-08T14:04:57+00:00\" >2022-09-08 14:04:57<\/span><span class='av-structured-data'  itemprop=\"dateModified\" itemtype=\"https:\/\/schema.org\/dateModified\" >2022-09-08 14:04:57<\/span><span class='av-structured-data'  itemprop=\"mainEntityOfPage\" itemtype=\"https:\/\/schema.org\/mainEntityOfPage\" ><span itemprop='name'>G\u00e9n\u00e9rateur de politique de cookies<\/span><\/span><\/span><\/article><article class=\"post-entry post-entry-type-standard post-entry-1830 post-loop-3 post-parity-odd post-entry-last bloglist-compact  post-1830 post type-post status-publish format-standard hentry category-centre-daide category-outils-web\"  itemscope=\"itemscope\" itemtype=\"https:\/\/schema.org\/BlogPosting\" ><div class=\"blog-meta\"><\/div><div class='entry-content-wrapper clearfix standard-content'><header class=\"entry-content-header\" aria-label=\"Articles : Traitement des donn\u00e9es personnelles\"><span class='fallback-post-type-icon avia-svg-icon avia-font-svg_entypo-fontello' data-av_svg_icon='pencil' data-av_iconset='svg_entypo-fontello'><svg version=\"1.1\" xmlns=\"http:\/\/www.w3.org\/2000\/svg\" width=\"25\" height=\"32\" viewBox=\"0 0 25 32\" preserveAspectRatio=\"xMidYMid meet\" role=\"graphics-symbol\" aria-hidden=\"true\">\n<path d=\"M22.976 5.44q1.024 1.024 1.504 2.048t0.48 1.536v0.512l-8.064 8.064-9.28 9.216-7.616 1.664 1.6-7.68 9.28-9.216 8.064-8.064q1.728-0.384 4.032 1.92zM7.168 25.92l0.768-0.768q-0.064-1.408-1.664-3.008-0.704-0.704-1.44-1.12t-1.12-0.416l-0.448-0.064-0.704 0.768-0.576 2.56q0.896 0.512 1.472 1.088 0.768 0.768 1.152 1.536z\"><\/path>\n<\/svg><\/span><h2 class='post-title entry-title '  itemprop=\"headline\" ><a href=\"https:\/\/www.digitalagencybarcelona.com\/fr\/centre-daide\/outils-web\/traitement-des-donnees-personnelles\/\" rel=\"bookmark\" title=\"Lien permanent : Traitement des donn\u00e9es personnelles\">Traitement des donn\u00e9es personnelles<span class=\"post-format-icon minor-meta\"><\/span><\/a><\/h2><\/header><footer class=\"entry-footer\"><\/footer><div class='post_delimiter'><\/div><\/div><div class=\"post_author_timeline\"><\/div><span class='hidden'>\n\t\t\t\t<span class='av-structured-data'  itemprop=\"image\" itemscope=\"itemscope\" itemtype=\"https:\/\/schema.org\/ImageObject\" >\n\t\t\t\t\t\t<span itemprop='url'>https:\/\/www.digitalagencybarcelona.com\/wp-content\/uploads\/2022\/02\/logo-web-2-300x138.png<\/span>\n\t\t\t\t\t\t<span itemprop='height'>0<\/span>\n\t\t\t\t\t\t<span itemprop='width'>0<\/span>\n\t\t\t\t<\/span>\n\t\t\t\t<span class='av-structured-data'  itemprop=\"publisher\" itemtype=\"https:\/\/schema.org\/Organization\" itemscope=\"itemscope\" >\n\t\t\t\t\t\t<span itemprop='name'>william<\/span>\n\t\t\t\t\t\t<span itemprop='logo' itemscope itemtype='https:\/\/schema.org\/ImageObject'>\n\t\t\t\t\t\t\t<span itemprop='url'>https:\/\/www.digitalagencybarcelona.com\/wp-content\/uploads\/2022\/02\/logo-web-2-300x138.png<\/span>\n\t\t\t\t\t\t<\/span>\n\t\t\t\t<\/span><span class='av-structured-data'  itemprop=\"author\" itemscope=\"itemscope\" itemtype=\"https:\/\/schema.org\/Person\" ><span itemprop='name'>william<\/span><\/span><span class='av-structured-data'  itemprop=\"datePublished\" datetime=\"2022-09-08T14:01:30+00:00\" >2022-09-08 14:01:30<\/span><span class='av-structured-data'  itemprop=\"dateModified\" itemtype=\"https:\/\/schema.org\/dateModified\" >2022-09-08 14:01:30<\/span><span class='av-structured-data'  itemprop=\"mainEntityOfPage\" itemtype=\"https:\/\/schema.org\/mainEntityOfPage\" ><span itemprop='name'>Traitement des donn\u00e9es personnelles<\/span><\/span><\/span><\/article><\/div><\/div><div  class='flex_column av-1aj9w-18fe4e08bee3ef2a57f694309af14598 av_one_half flex_column_div  column-top-margin'     ><\/div><\/p>\n","protected":false},"excerpt":{"rendered":"","protected":false},"author":1,"featured_media":0,"parent":1817,"menu_order":0,"comment_status":"closed","ping_status":"closed","template":"","meta":{"footnotes":""},"class_list":["post-1805","page","type-page","status-publish","hentry"],"yoast_head":"<!-- This site is optimized with the Yoast SEO plugin v25.3.1 - https:\/\/yoast.com\/wordpress\/plugins\/seo\/ -->\n<title>Outils Web - Digital Agency Barcelona<\/title>\n<meta name=\"robots\" content=\"index, follow, max-snippet:-1, max-image-preview:large, max-video-preview:-1\" \/>\n<link rel=\"canonical\" href=\"https:\/\/www.digitalagencybarcelona.com\/fr\/centre-daide\/outils-web\/\" \/>\n<meta property=\"og:locale\" content=\"fr_FR\" \/>\n<meta property=\"og:type\" content=\"article\" \/>\n<meta property=\"og:title\" content=\"Outils Web - Digital Agency Barcelona\" \/>\n<meta property=\"og:url\" content=\"https:\/\/www.digitalagencybarcelona.com\/fr\/centre-daide\/outils-web\/\" \/>\n<meta property=\"og:site_name\" content=\"Digital Agency Barcelona\" \/>\n<meta name=\"twitter:card\" content=\"summary_large_image\" \/>\n<meta name=\"twitter:label1\" content=\"Dur\u00e9e de lecture estim\u00e9e\" \/>\n\t<meta name=\"twitter:data1\" content=\"5 minutes\" \/>\n<script type=\"application\/ld+json\" class=\"yoast-schema-graph\">{\"@context\":\"https:\/\/schema.org\",\"@graph\":[{\"@type\":\"WebPage\",\"@id\":\"https:\/\/www.digitalagencybarcelona.com\/fr\/centre-daide\/outils-web\/\",\"url\":\"https:\/\/www.digitalagencybarcelona.com\/fr\/centre-daide\/outils-web\/\",\"name\":\"Outils Web - Digital Agency Barcelona\",\"isPartOf\":{\"@id\":\"https:\/\/www.digitalagencybarcelona.com\/fr\/#website\"},\"datePublished\":\"2022-09-08T10:37:04+00:00\",\"breadcrumb\":{\"@id\":\"https:\/\/www.digitalagencybarcelona.com\/fr\/centre-daide\/outils-web\/#breadcrumb\"},\"inLanguage\":\"fr-FR\",\"potentialAction\":[{\"@type\":\"ReadAction\",\"target\":[\"https:\/\/www.digitalagencybarcelona.com\/fr\/centre-daide\/outils-web\/\"]}]},{\"@type\":\"BreadcrumbList\",\"@id\":\"https:\/\/www.digitalagencybarcelona.com\/fr\/centre-daide\/outils-web\/#breadcrumb\",\"itemListElement\":[{\"@type\":\"ListItem\",\"position\":1,\"name\":\"Portada\",\"item\":\"https:\/\/www.digitalagencybarcelona.com\/fr\/home\/\"},{\"@type\":\"ListItem\",\"position\":2,\"name\":\"Outils Web\"}]},{\"@type\":\"WebSite\",\"@id\":\"https:\/\/www.digitalagencybarcelona.com\/fr\/#website\",\"url\":\"https:\/\/www.digitalagencybarcelona.com\/fr\/\",\"name\":\"Digital Agency Barcelona\",\"description\":\"Web design, marketing en ligne, application mobile, gestion de RRSS, mailing et autres services tels que l&#039;h\u00e9bergement ou la gestion de comptes mail...\",\"potentialAction\":[{\"@type\":\"SearchAction\",\"target\":{\"@type\":\"EntryPoint\",\"urlTemplate\":\"https:\/\/www.digitalagencybarcelona.com\/fr\/?s={search_term_string}\"},\"query-input\":{\"@type\":\"PropertyValueSpecification\",\"valueRequired\":true,\"valueName\":\"search_term_string\"}}],\"inLanguage\":\"fr-FR\"}]}<\/script>\n<!-- \/ Yoast SEO plugin. -->","yoast_head_json":{"title":"Outils Web - Digital Agency Barcelona","robots":{"index":"index","follow":"follow","max-snippet":"max-snippet:-1","max-image-preview":"max-image-preview:large","max-video-preview":"max-video-preview:-1"},"canonical":"https:\/\/www.digitalagencybarcelona.com\/fr\/centre-daide\/outils-web\/","og_locale":"fr_FR","og_type":"article","og_title":"Outils Web - Digital Agency Barcelona","og_url":"https:\/\/www.digitalagencybarcelona.com\/fr\/centre-daide\/outils-web\/","og_site_name":"Digital Agency Barcelona","twitter_card":"summary_large_image","twitter_misc":{"Dur\u00e9e de lecture estim\u00e9e":"5 minutes"},"schema":{"@context":"https:\/\/schema.org","@graph":[{"@type":"WebPage","@id":"https:\/\/www.digitalagencybarcelona.com\/fr\/centre-daide\/outils-web\/","url":"https:\/\/www.digitalagencybarcelona.com\/fr\/centre-daide\/outils-web\/","name":"Outils Web - Digital Agency Barcelona","isPartOf":{"@id":"https:\/\/www.digitalagencybarcelona.com\/fr\/#website"},"datePublished":"2022-09-08T10:37:04+00:00","breadcrumb":{"@id":"https:\/\/www.digitalagencybarcelona.com\/fr\/centre-daide\/outils-web\/#breadcrumb"},"inLanguage":"fr-FR","potentialAction":[{"@type":"ReadAction","target":["https:\/\/www.digitalagencybarcelona.com\/fr\/centre-daide\/outils-web\/"]}]},{"@type":"BreadcrumbList","@id":"https:\/\/www.digitalagencybarcelona.com\/fr\/centre-daide\/outils-web\/#breadcrumb","itemListElement":[{"@type":"ListItem","position":1,"name":"Portada","item":"https:\/\/www.digitalagencybarcelona.com\/fr\/home\/"},{"@type":"ListItem","position":2,"name":"Outils Web"}]},{"@type":"WebSite","@id":"https:\/\/www.digitalagencybarcelona.com\/fr\/#website","url":"https:\/\/www.digitalagencybarcelona.com\/fr\/","name":"Digital Agency Barcelona","description":"Web design, marketing en ligne, application mobile, gestion de RRSS, mailing et autres services tels que l&#039;h\u00e9bergement ou la gestion de comptes mail...","potentialAction":[{"@type":"SearchAction","target":{"@type":"EntryPoint","urlTemplate":"https:\/\/www.digitalagencybarcelona.com\/fr\/?s={search_term_string}"},"query-input":{"@type":"PropertyValueSpecification","valueRequired":true,"valueName":"search_term_string"}}],"inLanguage":"fr-FR"}]}},"_links":{"self":[{"href":"https:\/\/www.digitalagencybarcelona.com\/fr\/wp-json\/wp\/v2\/pages\/1805","targetHints":{"allow":["GET"]}}],"collection":[{"href":"https:\/\/www.digitalagencybarcelona.com\/fr\/wp-json\/wp\/v2\/pages"}],"about":[{"href":"https:\/\/www.digitalagencybarcelona.com\/fr\/wp-json\/wp\/v2\/types\/page"}],"author":[{"embeddable":true,"href":"https:\/\/www.digitalagencybarcelona.com\/fr\/wp-json\/wp\/v2\/users\/1"}],"replies":[{"embeddable":true,"href":"https:\/\/www.digitalagencybarcelona.com\/fr\/wp-json\/wp\/v2\/comments?post=1805"}],"version-history":[{"count":2,"href":"https:\/\/www.digitalagencybarcelona.com\/fr\/wp-json\/wp\/v2\/pages\/1805\/revisions"}],"predecessor-version":[{"id":1807,"href":"https:\/\/www.digitalagencybarcelona.com\/fr\/wp-json\/wp\/v2\/pages\/1805\/revisions\/1807"}],"up":[{"embeddable":true,"href":"https:\/\/www.digitalagencybarcelona.com\/fr\/wp-json\/wp\/v2\/pages\/1817"}],"wp:attachment":[{"href":"https:\/\/www.digitalagencybarcelona.com\/fr\/wp-json\/wp\/v2\/media?parent=1805"}],"curies":[{"name":"wp","href":"https:\/\/api.w.org\/{rel}","templated":true}]}}