{"id":820,"date":"2019-06-28T15:58:38","date_gmt":"2019-06-28T15:58:38","guid":{"rendered":"https:\/\/www.digitalagencybarcelona.com\/politica-de-cookies"},"modified":"2019-06-28T16:04:07","modified_gmt":"2019-06-28T16:04:07","slug":"politica-de-cookies","status":"publish","type":"page","link":"https:\/\/www.digitalagencybarcelona.com\/ca\/politica-de-cookies\/","title":{"rendered":"Pol\u00edtica de cookies"},"content":{"rendered":"\n<style type=\"text\/css\" data-created_by=\"avia_inline_auto\" id=\"style-css-av-gttuc-8656a47fc27ba7261b10f6728ae1eec6\">\n#top .av-special-heading.av-gttuc-8656a47fc27ba7261b10f6728ae1eec6{\npadding-bottom:10px;\n}\nbody .av-special-heading.av-gttuc-8656a47fc27ba7261b10f6728ae1eec6 .av-special-heading-tag .heading-char{\nfont-size:25px;\n}\n.av-special-heading.av-gttuc-8656a47fc27ba7261b10f6728ae1eec6 .av-subheading{\nfont-size:15px;\n}\n<\/style>\n<div  class='av-special-heading av-gttuc-8656a47fc27ba7261b10f6728ae1eec6 av-special-heading-h2  avia-builder-el-0  el_before_av_heading  avia-builder-el-first '><h2 class='av-special-heading-tag '  itemprop=\"headline\"  >Pol\u00edtica de cookies<\/h2><div class=\"special-heading-border\"><div class=\"special-heading-inner-border\"><\/div><\/div><\/div>\n\n<style type=\"text\/css\" data-created_by=\"avia_inline_auto\" id=\"style-css-av-8ad64-bf7da7db5ad5e8039f10d478145d0daf\">\n#top .av-special-heading.av-8ad64-bf7da7db5ad5e8039f10d478145d0daf{\nmargin:0 0 0 0;\npadding-bottom:10px;\nfont-size:11px;\n}\nbody .av-special-heading.av-8ad64-bf7da7db5ad5e8039f10d478145d0daf .av-special-heading-tag .heading-char{\nfont-size:25px;\n}\n#top #wrap_all .av-special-heading.av-8ad64-bf7da7db5ad5e8039f10d478145d0daf .av-special-heading-tag{\nfont-size:11px;\n}\n.av-special-heading.av-8ad64-bf7da7db5ad5e8039f10d478145d0daf .av-subheading{\nfont-size:15px;\n}\n\n@media only screen and (min-width: 480px) and (max-width: 767px){ \n#top #wrap_all .av-special-heading.av-8ad64-bf7da7db5ad5e8039f10d478145d0daf .av-special-heading-tag{\nfont-size:0.8em;\n}\n}\n\n@media only screen and (max-width: 479px){ \n#top #wrap_all .av-special-heading.av-8ad64-bf7da7db5ad5e8039f10d478145d0daf .av-special-heading-tag{\nfont-size:0.8em;\n}\n}\n<\/style>\n<div  class='av-special-heading av-8ad64-bf7da7db5ad5e8039f10d478145d0daf av-special-heading-h1 blockquote classic-quote  avia-builder-el-1  el_after_av_heading  el_before_av_textblock  av-inherit-size'><h1 class='av-special-heading-tag '  itemprop=\"headline\"  >de l\u2019Ag\u00e8ncia Digital de Barcelona &#8211; desenvolupament de comer\u00e7 electr\u00f2nic, p\u00e0gines web, p\u00e0gines de destinaci\u00f3, aplicacions web, etc.<\/h1><div class=\"special-heading-border\"><div class=\"special-heading-inner-border\"><\/div><\/div><\/div>\n<section  class='av_textblock_section av-jx220af2-683095453ce494d56b058ec8fe703d51 '   itemscope=\"itemscope\" itemtype=\"https:\/\/schema.org\/CreativeWork\" ><div class='avia_textblock'  itemprop=\"text\" ><blockquote>\n<p>Informaci\u00f3 de la galeta <\/\u200b\u200bblockquote><br \/>\nA causa de l\u2019entrada en vigor de l\u2019esmena a la &#8220;Llei de serveis de la societat de la informaci\u00f3&#8221; (LSSICE) establerta pel Reial decret 13\/2012, \u00e9s obligatori obtenir el consentiment expr\u00e9s del els usuaris de totes les p\u00e0gines web que utilitzen cookies essencials abans de visitar-les.<\/p>\n<blockquote>\n<p>Qu\u00e8 \u00e9s una galeta? <\/p>\n<\/blockquote>\n<p>Les galetes i altres tecnologies similars, com ara objectes locals compartits, galetes flash o p\u00edxels, s\u00f3n eines utilitzades pels servidors web per emmagatzemar i recuperar la informaci\u00f3 dels visitants, aix\u00ed com per garantir el bon funcionament del lloc.<\/p>\n<p>Mitjan\u00e7ant l\u2019\u00fas d\u2019aquests dispositius, es permet al servidor web emmagatzemar certa informaci\u00f3 sobre l\u2019usuari, com ara les seves prefer\u00e8ncies per veure les p\u00e0gines d\u2019aquest servidor, el seu nom i contrasenya, els productes que m\u00e9s li interessen, etc.<\/p>\n<blockquote>\n<p>Cookies acceptades per la regulaci\u00f3 i cookies excloses <\/p>\n<\/blockquote>\n<p>Segons la directiva europea, les cookies que requereixen el consentiment informat de l&#8217;usuari s\u00f3n galetes anal\u00edtiques, cookies de publicitat i afiliaci\u00f3, amb l&#8217;excepci\u00f3 de les de car\u00e0cter t\u00e8cnic i les necess\u00e0ries per al funcionament del lloc o la prestaci\u00f3 de serveis sol\u00b7licitats espec\u00edficament per l&#8217;usuari.<\/p>\n<blockquote>\n<p>Informaci\u00f3 sobre les galetes usades <\/p>\n<\/blockquote>\n<p>Us informem que aquest lloc web utilitza cookies per dur a terme les comunicacions electr\u00f2niques necess\u00e0ries per a la navegaci\u00f3, aix\u00ed com per proporcionar o activar serveis o funcions que heu sol\u00b7licitat. Aquestes cookies:<\/p>\n<ul>\n<li>recorda la prefer\u00e8ncia d\u2019idioma indicada.<\/li>\n<li>augmenta la seguretat de la navegaci\u00f3 al nostre lloc web.<\/li>\n<li>facilita la navegaci\u00f3.<\/li>\n<li>assegura la reproducci\u00f3 de contingut multim\u00e8dia.<\/li>\n<\/ul>\n<p>Aquest lloc tamb\u00e9 utilitza cookies pr\u00f2pies per recopilar informaci\u00f3 sobre la navegaci\u00f3 dels usuaris del lloc, completament an\u00f2nima i dissociada, amb finalitats estrictament estad\u00edstiques i per millorar la funcionalitat del lloc, la utilitzaci\u00f3 de la qual permet:<\/p>\n<ul>\n<li>Conegueu el nombre de visitants al lloc web de l&#8217;Ag\u00e8ncia Digital Web de SW de Barcelona CORP S.L.<\/li>\n<li>Comptar el nombre de visites a cadascuna de les diferents p\u00e0gines d\u2019aquest lloc web<\/li>\n<li>Coneix l\u2019activitat del portal per identificar problemes i millorar la navegaci\u00f3<\/li>\n<\/ul>\n<p>Podeu desactivar l\u2019\u00fas de les cookies en qualsevol moment modificant la configuraci\u00f3 del vostre navegador:<\/p>\n<p>Per configurar les cookies a <a href=\"http:\/\/windows.microsoft.com\/es-es\/windows-vista\/block-or-allow-cookies\" target=\"_blank\" rel=\"noopener noreferrer\"> Internet Explorer <\/a><br \/>\nPer a la configuraci\u00f3 de les galetes a <a href=\"http:\/\/support.mozilla.org\/es\/kb\/habilitar-y-deshabilitar-cookies-que-los-sitios-we\" target=\"_blank\" rel=\"noopener noreferrer\"> Firefox <\/a><br \/>\nPer configurar les cookies a <a href=\"http:\/\/support.google.com\/chrome\/bin\/answer.py?hl=es&amp;answer=95647\" target=\"_blank\" rel=\"noopener noreferrer\"> Google Chrome <\/a><br \/>\nPer configurar les cookies a <a href=\"http:\/\/support.apple.com\/kb\/HT1677?viewlocale=ca_ES&amp;locale=ca_ES\" target=\"_blank\" rel=\"noopener noreferrer\"> Safari <\/a><\/p>\n<p>Tamb\u00e9 podeu desactivar l\u2019\u00fas de determinats serveis en qualsevol moment:<\/p>\n<p><strong><div data-disabled_by_browser=\"Please enable this feature in your browser settings and reload the page.\" class=\"av-switch-aviaPrivacyGoogleTrackingDisabled av-toggle-switch av-cookie-disable-external-toggle av-cookie-save-unchecked av-cookie-default-unchecked\"><label><input type=\"checkbox\"  id=\"aviaPrivacyGoogleTrackingDisabled\" class=\"aviaPrivacyGoogleTrackingDisabled \" name=\"aviaPrivacyGoogleTrackingDisabled\" ><span class=\"toggle-track\"><\/span><span class=\"toggle-label-content\">Click to enable\/disable Google Analytics tracking.<\/span><\/label><\/div><\/strong><\/p>\n<p><strong><div class=\"av-switch-aviaPrivacyGoogleWebfontsDisabled av-toggle-switch av-cookie-disable-external-toggle av-cookie-save-unchecked av-cookie-default-unchecked\"><label><input type=\"checkbox\"  id=\"aviaPrivacyGoogleWebfontsDisabled\" class=\"aviaPrivacyGoogleWebfontsDisabled \" name=\"aviaPrivacyGoogleWebfontsDisabled\" ><span class=\"toggle-track\"><\/span><span class=\"toggle-label-content\">Click to enable\/disable Google Webfonts.<\/span><\/label><\/div><\/strong><\/p>\n<\/div><\/section>\n","protected":false},"excerpt":{"rendered":"","protected":false},"author":1,"featured_media":0,"parent":0,"menu_order":0,"comment_status":"closed","ping_status":"closed","template":"","meta":{"footnotes":""},"class_list":["post-820","page","type-page","status-publish","hentry"],"yoast_head":"<!-- This site is optimized with the Yoast SEO plugin v25.3.1 - https:\/\/yoast.com\/wordpress\/plugins\/seo\/ -->\n<title>Pol\u00edtica de cookies - Digital Agency Barcelona<\/title>\n<meta name=\"robots\" content=\"index, follow, max-snippet:-1, max-image-preview:large, max-video-preview:-1\" \/>\n<link rel=\"canonical\" href=\"https:\/\/www.digitalagencybarcelona.com\/ca\/politica-de-cookies\/\" \/>\n<meta property=\"og:locale\" content=\"ca_ES\" \/>\n<meta property=\"og:type\" content=\"article\" \/>\n<meta property=\"og:title\" content=\"Pol\u00edtica de cookies - Digital Agency Barcelona\" \/>\n<meta property=\"og:url\" content=\"https:\/\/www.digitalagencybarcelona.com\/ca\/politica-de-cookies\/\" \/>\n<meta property=\"og:site_name\" content=\"Digital Agency Barcelona\" \/>\n<meta property=\"article:modified_time\" content=\"2019-06-28T16:04:07+00:00\" \/>\n<meta name=\"twitter:card\" content=\"summary_large_image\" \/>\n<meta name=\"twitter:label1\" content=\"Temps estimat de lectura\" \/>\n\t<meta name=\"twitter:data1\" content=\"3 minuts\" \/>\n<script type=\"application\/ld+json\" class=\"yoast-schema-graph\">{\"@context\":\"https:\/\/schema.org\",\"@graph\":[{\"@type\":\"WebPage\",\"@id\":\"https:\/\/www.digitalagencybarcelona.com\/ca\/politica-de-cookies\/\",\"url\":\"https:\/\/www.digitalagencybarcelona.com\/ca\/politica-de-cookies\/\",\"name\":\"Pol\u00edtica de cookies - Digital Agency Barcelona\",\"isPartOf\":{\"@id\":\"https:\/\/www.digitalagencybarcelona.com\/ca\/#website\"},\"datePublished\":\"2019-06-28T15:58:38+00:00\",\"dateModified\":\"2019-06-28T16:04:07+00:00\",\"breadcrumb\":{\"@id\":\"https:\/\/www.digitalagencybarcelona.com\/ca\/politica-de-cookies\/#breadcrumb\"},\"inLanguage\":\"ca\",\"potentialAction\":[{\"@type\":\"ReadAction\",\"target\":[\"https:\/\/www.digitalagencybarcelona.com\/ca\/politica-de-cookies\/\"]}]},{\"@type\":\"BreadcrumbList\",\"@id\":\"https:\/\/www.digitalagencybarcelona.com\/ca\/politica-de-cookies\/#breadcrumb\",\"itemListElement\":[{\"@type\":\"ListItem\",\"position\":1,\"name\":\"Portada\",\"item\":\"https:\/\/www.digitalagencybarcelona.com\/ca\/inici\/\"},{\"@type\":\"ListItem\",\"position\":2,\"name\":\"Pol\u00edtica de cookies\"}]},{\"@type\":\"WebSite\",\"@id\":\"https:\/\/www.digitalagencybarcelona.com\/ca\/#website\",\"url\":\"https:\/\/www.digitalagencybarcelona.com\/ca\/\",\"name\":\"Digital Agency Barcelona\",\"description\":\"Web design, marketing en ligne, application mobile, gestion de RRSS, mailing et autres services tels que l&#039;h\u00e9bergement ou la gestion de comptes mail...\",\"potentialAction\":[{\"@type\":\"SearchAction\",\"target\":{\"@type\":\"EntryPoint\",\"urlTemplate\":\"https:\/\/www.digitalagencybarcelona.com\/ca\/?s={search_term_string}\"},\"query-input\":{\"@type\":\"PropertyValueSpecification\",\"valueRequired\":true,\"valueName\":\"search_term_string\"}}],\"inLanguage\":\"ca\"}]}<\/script>\n<!-- \/ Yoast SEO plugin. -->","yoast_head_json":{"title":"Pol\u00edtica de cookies - Digital Agency Barcelona","robots":{"index":"index","follow":"follow","max-snippet":"max-snippet:-1","max-image-preview":"max-image-preview:large","max-video-preview":"max-video-preview:-1"},"canonical":"https:\/\/www.digitalagencybarcelona.com\/ca\/politica-de-cookies\/","og_locale":"ca_ES","og_type":"article","og_title":"Pol\u00edtica de cookies - Digital Agency Barcelona","og_url":"https:\/\/www.digitalagencybarcelona.com\/ca\/politica-de-cookies\/","og_site_name":"Digital Agency Barcelona","article_modified_time":"2019-06-28T16:04:07+00:00","twitter_card":"summary_large_image","twitter_misc":{"Temps estimat de lectura":"3 minuts"},"schema":{"@context":"https:\/\/schema.org","@graph":[{"@type":"WebPage","@id":"https:\/\/www.digitalagencybarcelona.com\/ca\/politica-de-cookies\/","url":"https:\/\/www.digitalagencybarcelona.com\/ca\/politica-de-cookies\/","name":"Pol\u00edtica de cookies - Digital Agency Barcelona","isPartOf":{"@id":"https:\/\/www.digitalagencybarcelona.com\/ca\/#website"},"datePublished":"2019-06-28T15:58:38+00:00","dateModified":"2019-06-28T16:04:07+00:00","breadcrumb":{"@id":"https:\/\/www.digitalagencybarcelona.com\/ca\/politica-de-cookies\/#breadcrumb"},"inLanguage":"ca","potentialAction":[{"@type":"ReadAction","target":["https:\/\/www.digitalagencybarcelona.com\/ca\/politica-de-cookies\/"]}]},{"@type":"BreadcrumbList","@id":"https:\/\/www.digitalagencybarcelona.com\/ca\/politica-de-cookies\/#breadcrumb","itemListElement":[{"@type":"ListItem","position":1,"name":"Portada","item":"https:\/\/www.digitalagencybarcelona.com\/ca\/inici\/"},{"@type":"ListItem","position":2,"name":"Pol\u00edtica de cookies"}]},{"@type":"WebSite","@id":"https:\/\/www.digitalagencybarcelona.com\/ca\/#website","url":"https:\/\/www.digitalagencybarcelona.com\/ca\/","name":"Digital Agency Barcelona","description":"Web design, marketing en ligne, application mobile, gestion de RRSS, mailing et autres services tels que l&#039;h\u00e9bergement ou la gestion de comptes mail...","potentialAction":[{"@type":"SearchAction","target":{"@type":"EntryPoint","urlTemplate":"https:\/\/www.digitalagencybarcelona.com\/ca\/?s={search_term_string}"},"query-input":{"@type":"PropertyValueSpecification","valueRequired":true,"valueName":"search_term_string"}}],"inLanguage":"ca"}]}},"_links":{"self":[{"href":"https:\/\/www.digitalagencybarcelona.com\/ca\/wp-json\/wp\/v2\/pages\/820","targetHints":{"allow":["GET"]}}],"collection":[{"href":"https:\/\/www.digitalagencybarcelona.com\/ca\/wp-json\/wp\/v2\/pages"}],"about":[{"href":"https:\/\/www.digitalagencybarcelona.com\/ca\/wp-json\/wp\/v2\/types\/page"}],"author":[{"embeddable":true,"href":"https:\/\/www.digitalagencybarcelona.com\/ca\/wp-json\/wp\/v2\/users\/1"}],"replies":[{"embeddable":true,"href":"https:\/\/www.digitalagencybarcelona.com\/ca\/wp-json\/wp\/v2\/comments?post=820"}],"version-history":[{"count":3,"href":"https:\/\/www.digitalagencybarcelona.com\/ca\/wp-json\/wp\/v2\/pages\/820\/revisions"}],"predecessor-version":[{"id":825,"href":"https:\/\/www.digitalagencybarcelona.com\/ca\/wp-json\/wp\/v2\/pages\/820\/revisions\/825"}],"wp:attachment":[{"href":"https:\/\/www.digitalagencybarcelona.com\/ca\/wp-json\/wp\/v2\/media?parent=820"}],"curies":[{"name":"wp","href":"https:\/\/api.w.org\/{rel}","templated":true}]}}