{"id":807,"date":"2019-06-28T15:07:26","date_gmt":"2019-06-28T15:07:26","guid":{"rendered":"https:\/\/www.digitalagencybarcelona.com\/avis-legal"},"modified":"2022-09-08T10:34:50","modified_gmt":"2022-09-08T10:34:50","slug":"avis-legal","status":"publish","type":"page","link":"https:\/\/www.digitalagencybarcelona.com\/ca\/avis-legal\/","title":{"rendered":"Av\u00eds legal"},"content":{"rendered":"\n<style type=\"text\/css\" data-created_by=\"avia_inline_auto\" id=\"style-css-av-av_heading-b1eb974bceddfd61daa93fe3d930b606\">\n#top .av-special-heading.av-av_heading-b1eb974bceddfd61daa93fe3d930b606{\npadding-bottom:10px;\n}\nbody .av-special-heading.av-av_heading-b1eb974bceddfd61daa93fe3d930b606 .av-special-heading-tag .heading-char{\nfont-size:25px;\n}\n.av-special-heading.av-av_heading-b1eb974bceddfd61daa93fe3d930b606 .av-subheading{\nfont-size:15px;\n}\n<\/style>\n<div  class='av-special-heading av-av_heading-b1eb974bceddfd61daa93fe3d930b606 av-special-heading-h2  avia-builder-el-0  el_before_av_heading  avia-builder-el-first '><h2 class='av-special-heading-tag '  itemprop=\"headline\"  >Av\u00eds legal<\/h2><div class=\"special-heading-border\"><div class=\"special-heading-inner-border\"><\/div><\/div><\/div>\n\n<style type=\"text\/css\" data-created_by=\"avia_inline_auto\" id=\"style-css-av-av_heading-990570ffc792eb7e66d918bff1bec107\">\n#top .av-special-heading.av-av_heading-990570ffc792eb7e66d918bff1bec107{\nmargin:0 0 0 0;\npadding-bottom:10px;\nfont-size:11px;\n}\nbody .av-special-heading.av-av_heading-990570ffc792eb7e66d918bff1bec107 .av-special-heading-tag .heading-char{\nfont-size:25px;\n}\n#top #wrap_all .av-special-heading.av-av_heading-990570ffc792eb7e66d918bff1bec107 .av-special-heading-tag{\nfont-size:11px;\n}\n.av-special-heading.av-av_heading-990570ffc792eb7e66d918bff1bec107 .av-subheading{\nfont-size:15px;\n}\n\n@media only screen and (min-width: 480px) and (max-width: 767px){ \n#top #wrap_all .av-special-heading.av-av_heading-990570ffc792eb7e66d918bff1bec107 .av-special-heading-tag{\nfont-size:0.8em;\n}\n}\n\n@media only screen and (max-width: 479px){ \n#top #wrap_all .av-special-heading.av-av_heading-990570ffc792eb7e66d918bff1bec107 .av-special-heading-tag{\nfont-size:0.8em;\n}\n}\n<\/style>\n<div  class='av-special-heading av-av_heading-990570ffc792eb7e66d918bff1bec107 av-special-heading-h1 blockquote classic-quote  avia-builder-el-1  el_after_av_heading  el_before_av_heading  av-inherit-size'><h1 class='av-special-heading-tag '  itemprop=\"headline\"  >de l\u2019Ag\u00e8ncia Digital de Barcelona &#8211; desenvolupament de comer\u00e7 electr\u00f2nic, p\u00e0gines web, p\u00e0gines de destinaci\u00f3, aplicacions web, etc.<\/h1><div class=\"special-heading-border\"><div class=\"special-heading-inner-border\"><\/div><\/div><\/div>\n\n<style type=\"text\/css\" data-created_by=\"avia_inline_auto\" id=\"style-css-av-av_heading-2b51289181d3b3a8bfc542e969e0a69e\">\n#top .av-special-heading.av-av_heading-2b51289181d3b3a8bfc542e969e0a69e{\npadding-bottom:10px;\n}\nbody .av-special-heading.av-av_heading-2b51289181d3b3a8bfc542e969e0a69e .av-special-heading-tag .heading-char{\nfont-size:25px;\n}\n#top #wrap_all .av-special-heading.av-av_heading-2b51289181d3b3a8bfc542e969e0a69e .av-special-heading-tag{\nfont-size:11px;\n}\n.av-special-heading.av-av_heading-2b51289181d3b3a8bfc542e969e0a69e .av-subheading{\nfont-size:15px;\n}\n<\/style>\n<div  class='av-special-heading av-av_heading-2b51289181d3b3a8bfc542e969e0a69e av-special-heading-h3  avia-builder-el-2  el_after_av_heading  el_before_av_textblock '><h3 class='av-special-heading-tag '  itemprop=\"headline\"  >INFORMACI\u00d3 A L\u2019USUARI<\/h3><div class=\"special-heading-border\"><div class=\"special-heading-inner-border\"><\/div><\/div><\/div>\n<section  class='av_textblock_section av-jx21luf5-43d3e2b9f78a3ef36a897e8205824287 '   itemscope=\"itemscope\" itemtype=\"https:\/\/schema.org\/CreativeWork\" ><div class='avia_textblock'  itemprop=\"text\" ><p>SW Web Digital Agency Barcelona CORP SL \u00e9s responsable del tractament de les dades personals de l&#8217;usuari i li informa que les seves dades seran tractades d&#8217;acord amb el que disposa la normativa vigent sobre protecci\u00f3 de dades personals, Reglament (UE) 2016\/679 del 27 d&#8217;abril de 2016 (GDPR) sobre la protecci\u00f3 de les persones pel que fa al tractament de dades personals i la lliure circulaci\u00f3 d&#8217;aquestes dades, per a la qual es proporciona la seg\u00fcent informaci\u00f3 de processament:<\/p>\n<p>Finalitat del processament de dades: mantenir una relaci\u00f3 comercial amb l&#8217;usuari. Les operacions previstes per dur a terme el tractament s\u00f3n:<\/p>\n<p>Enviar publicitat i comunicacions comercials per correu electr\u00f2nic, SMS, MMS, comunitats socials o qualsevol altre mitj\u00e0 electr\u00f2nic o f\u00edsic, present o futur, que permeti comunicacions comercials. Aquestes comunicacions seran realitzades per l&#8217;Ag\u00e8ncia SW Web Digital a Barcelona CORP S.L. en relaci\u00f3 amb els seus productes i serveis, o pels seus col\u00b7laboradors i prove\u00efdors amb els quals l&#8217;empresa ha concl\u00f2s un acord de promoci\u00f3. En aquest cas, els tercers mai no tindran acc\u00e9s a les dades personals.<br \/>\nRealitzar estudis estad\u00edstics.<br \/>\nProcessar comandes, sol\u00b7licituds o qualsevol tipus de reclamaci\u00f3 feta per l\u2019usuari a trav\u00e9s d\u2019un dels formularis de contacte disponibles.<br \/>\nEnvieu el butllet\u00ed de la p\u00e0gina web.<\/p>\n<p>Criteris de preservaci\u00f3 de dades: es conserven les dades sempre que hi hagi un inter\u00e8s com\u00fa a mantenir la relaci\u00f3 comercial, per\u00f2 quan ja no es necessita, es suprimeixen les dades amb les mesures de seguretat adequades per garantir la seva confidencialitat o la seva destrucci\u00f3 total.<\/p>\n<p>Comunicaci\u00f3 de dades: les dades no seran comunicades a cap destinatari, tret que sigui legalment requerit.<\/p>\n<p>Drets de l&#8217;usuari:<\/p>\n<p>Dret a retirar el consentiment en qualsevol moment.<br \/>\nDret d&#8217;acc\u00e9s, rectificaci\u00f3 i supressi\u00f3 de les seves dades i restricci\u00f3 o oposici\u00f3 al tractament de les seves dades.<br \/>\nDret a presentar una queixa davant l\u2019autoritat supervisora \u200b\u200b(agpd.es) si l\u2019usuari considera que el tractament no compleix la normativa vigent.<\/p>\n<p>Adreces on exercir els vostres drets:<\/p>\n<p>Adre\u00e7a postal: Ag\u00e8ncia digital de la Xarxa Web de Barcelona CORP S.L. Carrer Rector Ubach, 55 (SA 2)<\/p>\n<p>08021 Barcelona Espa\u00f1a<\/p>\n<p>Adre\u00e7a de correu electr\u00f2nic: lopd@digitalagencybarcelona.com<\/p>\n<\/div><\/section>\n\n<style type=\"text\/css\" data-created_by=\"avia_inline_auto\" id=\"style-css-av-av_heading-faed6715342f45d91fe34abcca5d7504\">\n#top .av-special-heading.av-av_heading-faed6715342f45d91fe34abcca5d7504{\npadding-bottom:10px;\n}\nbody .av-special-heading.av-av_heading-faed6715342f45d91fe34abcca5d7504 .av-special-heading-tag .heading-char{\nfont-size:25px;\n}\n.av-special-heading.av-av_heading-faed6715342f45d91fe34abcca5d7504 .av-subheading{\nfont-size:15px;\n}\n<\/style>\n<div  class='av-special-heading av-av_heading-faed6715342f45d91fe34abcca5d7504 av-special-heading-h3  avia-builder-el-4  el_after_av_textblock  el_before_av_textblock '><h3 class='av-special-heading-tag '  itemprop=\"headline\"  >CARACTER\u00cdSTIQUES OBLIGATRIES O OPCIONALS DE LA INFORMACI\u00d3 PRESTADA PER L\u2019USUARI<\/h3><div class=\"special-heading-border\"><div class=\"special-heading-inner-border\"><\/div><\/div><\/div>\n<section  class='av_textblock_section av-jx21mgz7-c72edf08e8df189cf770c68763110cd5 '   itemscope=\"itemscope\" itemtype=\"https:\/\/schema.org\/CreativeWork\" ><div class='avia_textblock'  itemprop=\"text\" ><p>Els usuaris, mitjan\u00e7ant la introducci\u00f3 de dades als camps del formulari de contacte o dels formularis que es descarreguen, expressament, lliurement i de manera inequ\u00edvoca accepten que les seves dades siguin necess\u00e0ries per complir les seves peticions, des del prove\u00efdor, sabent que aquestes dades es van donar volunt\u00e0riament. L&#8217;Usuari garanteix que les dades personals subministrades a SW Web Digital Barcelona CORP S.L. s\u00f3n certes i que t\u00e9 la responsabilitat de comunicar-ne qualsevol modificaci\u00f3.<\/p>\n<p>SW Web Digital Agency Barcelona CORP SL informa i garanteix expressament als usuaris que les seves dades personals no seran cedides a tercers en cap cas i que cada cop que realitzi una transfer\u00e8ncia de dades personals, el consentiment expr\u00e9s, informat i inequ\u00edvoc Els usuaris es faran preguntes pr\u00e8viament. Totes les dades sol\u00b7licitades al lloc s\u00f3n obligat\u00f2ries perqu\u00e8 s\u00f3n necess\u00e0ries per proporcionar un servei \u00f2ptim a l&#8217;usuari. En el cas que no es transmetin totes les dades, no es garanteix que la informaci\u00f3 i els serveis prestats s&#8217;adapten completament a les necessitats de l&#8217;usuari.<\/p>\n<\/div><\/section>\n\n<style type=\"text\/css\" data-created_by=\"avia_inline_auto\" id=\"style-css-av-av_heading-8db7dbdccc219ed0aa38fa659953b8d8\">\n#top .av-special-heading.av-av_heading-8db7dbdccc219ed0aa38fa659953b8d8{\npadding-bottom:10px;\n}\nbody .av-special-heading.av-av_heading-8db7dbdccc219ed0aa38fa659953b8d8 .av-special-heading-tag .heading-char{\nfont-size:25px;\n}\n.av-special-heading.av-av_heading-8db7dbdccc219ed0aa38fa659953b8d8 .av-subheading{\nfont-size:15px;\n}\n<\/style>\n<div  class='av-special-heading av-av_heading-8db7dbdccc219ed0aa38fa659953b8d8 av-special-heading-h3  avia-builder-el-6  el_after_av_textblock  el_before_av_textblock '><h3 class='av-special-heading-tag '  itemprop=\"headline\"  >MESURES DE SEGURETAT<\/h3><div class=\"special-heading-border\"><div class=\"special-heading-inner-border\"><\/div><\/div><\/div>\n<section  class='av_textblock_section av-jx21n116-3b59e290e15d2375b5e43f9e79086301 '   itemscope=\"itemscope\" itemtype=\"https:\/\/schema.org\/CreativeWork\" ><div class='avia_textblock'  itemprop=\"text\" ><p>Que, d\u2019acord amb el que disposa la legislaci\u00f3 vigent sobre protecci\u00f3 de dades de car\u00e0cter personal, SW Web Digital Agency Barcelona CORP SL compleixi totes les disposicions de la normativa RGPD, per al tractament de dades personals sota la seva responsabilitat, i els principis descrits a l\u2019article 5 de la RGPD, segons la qual es tracti de manera l\u00edcita, justa i transparent respecte a la persona interessada. D&#8217;altra banda, el tractament d&#8217;aquestes dades ser\u00e0 adequat, pertinent i limitat a all\u00f2 que sigui necessari a la vista dels prop\u00f2sits per als quals es realitza.<\/p>\n<p>SW Web Digital Agency Barcelona CORP SL garanteix que ha implementat les decisions t\u00e8cniques i organitzatives adequades per implementar les mesures de seguretat establertes pel GDPR per protegir els drets i llibertats dels usuaris i que els ha proporcionat la informaci\u00f3 adequada perqu\u00e8 puguin exercir-los.<\/p>\n<\/div><\/section>\n\n<style type=\"text\/css\" data-created_by=\"avia_inline_auto\" id=\"style-css-av-av_heading-172b060ecfa0897368965393940c1c19\">\n#top .av-special-heading.av-av_heading-172b060ecfa0897368965393940c1c19{\npadding-bottom:10px;\n}\nbody .av-special-heading.av-av_heading-172b060ecfa0897368965393940c1c19 .av-special-heading-tag .heading-char{\nfont-size:25px;\n}\n.av-special-heading.av-av_heading-172b060ecfa0897368965393940c1c19 .av-subheading{\nfont-size:15px;\n}\n<\/style>\n<div  class='av-special-heading av-av_heading-172b060ecfa0897368965393940c1c19 av-special-heading-h3  avia-builder-el-8  el_after_av_textblock  el_before_av_textblock '><h3 class='av-special-heading-tag '  itemprop=\"headline\"  >\u00daS DEL P\u00c1GINA WEB I SERVEIS D\u2019USUARI<\/h3><div class=\"special-heading-border\"><div class=\"special-heading-inner-border\"><\/div><\/div><\/div>\n<section  class='av_textblock_section av-jx21nn4m-f9c88cd187c47069232efb59553d01b2 '   itemscope=\"itemscope\" itemtype=\"https:\/\/schema.org\/CreativeWork\" ><div class='avia_textblock'  itemprop=\"text\" ><p>Llevat que hagin obtingut una autoritzaci\u00f3 expressa pr\u00e8via de SW Web Digital Agency Barcelona CORP SL, els usuaris es abstindran d&#8217;obtenir o intentar obtenir qualsevol tipus de contingut. actes de text, gr\u00e0fics, dibuixos, fitxers de so, imatges o fotografies, v\u00eddeos, programari i, en general, qualsevol tipus de material accessible a trav\u00e9s del portal o dels serveis que utilitzen, per altres mitjans que els que es posen a la seva disposici\u00f3 per a tal fi o aquells que normalment s&#8217;utilitzen per a Internet<\/p>\n<p>La reproducci\u00f3, modificaci\u00f3, c\u00f2pia, \u00fas, distribuci\u00f3, comercialitzaci\u00f3, comunicaci\u00f3 p\u00fablica o qualsevol altre \u00fas de la informaci\u00f3 continguda a la p\u00e0gina web de SW Web Digital Agency Barcelona CORP SL (incl\u00f2s el seu propi disseny, configuraci\u00f3 i aspecte del lloc web) que es realitzen sense autoritzaci\u00f3 de SW Web Digital Agency Barcelona CORP SL constitueix una infracci\u00f3 de la legislaci\u00f3 vigent en mat\u00e8ria de propietat intel\u00b7lectual.<\/p>\n<p>Per facilitar-ne l&#8217;acc\u00e9s, l&#8217;Ag\u00e8ncia Digital Web de Barcelona Corp Corp S.L. pot incloure enlla\u00e7os a p\u00e0gines web propietat o gestionades per tercers. En accedir a aquests llocs, revisareu i acceptareu les condicions d\u2019\u00fas d\u2019aquesta p\u00e0gina abans d\u2019utilitzar-la. Tamb\u00e9 accepteu que SW Web Digital Agency Barcelona CORP S.L. no tingui cap control sobre el contingut d&#8217;aquestes p\u00e0gines i no pot assumir cap responsabilitat per qualsevol material creat o publicat per aquests tercers. A m\u00e9s, l\u2019enlla\u00e7 a un lloc que no sigui SW Web Digital Barcelona Barcelona CORP S.L. no implica que vost\u00e8 aprovi aquest lloc ni els productes o serveis als quals es refereix.<\/p>\n<\/div><\/section>\n\n<style type=\"text\/css\" data-created_by=\"avia_inline_auto\" id=\"style-css-av-av_heading-311408bc04e5f3833e15073ecad36045\">\n#top .av-special-heading.av-av_heading-311408bc04e5f3833e15073ecad36045{\npadding-bottom:10px;\n}\nbody .av-special-heading.av-av_heading-311408bc04e5f3833e15073ecad36045 .av-special-heading-tag .heading-char{\nfont-size:25px;\n}\n.av-special-heading.av-av_heading-311408bc04e5f3833e15073ecad36045 .av-subheading{\nfont-size:15px;\n}\n<\/style>\n<div  class='av-special-heading av-av_heading-311408bc04e5f3833e15073ecad36045 av-special-heading-h3  avia-builder-el-10  el_after_av_textblock  el_before_av_textblock '><h3 class='av-special-heading-tag '  itemprop=\"headline\"  >POL\u00cdTICA DE COOKIES<\/h3><div class=\"special-heading-border\"><div class=\"special-heading-inner-border\"><\/div><\/div><\/div>\n<section  class='av_textblock_section av-jx21o3v5-ae364a4f9f1a8ebb5b5e2beb7bce8c83 '   itemscope=\"itemscope\" itemtype=\"https:\/\/schema.org\/CreativeWork\" ><div class='avia_textblock'  itemprop=\"text\" ><p>Mitjan\u00e7ant aquest lloc, les dades personals dels usuaris no es recullen sense el seu coneixement i no es transfereixen a tercers.<\/p>\n<p>El nombre de p\u00e0gines visitades, el nombre de visites, l\u2019activitat dels visitants i la freq\u00fc\u00e8ncia d\u2019\u00fas s\u2019analitzen per oferir el millor servei i facilitar l\u2019\u00fas del lloc. Aquesta \u00e9s l&#8217;\u00fanica ra\u00f3 per la qual l&#8217;Ag\u00e8ncia Digital Web de SW Corp de Barcelona utilitza la informaci\u00f3 estad\u00edstica desenvolupada per l&#8217;ISP.<\/p>\n<p>SW Web Digital Agency Barcelona CORP S.L. utilitza cookies per recopilar informaci\u00f3 dels usuaris i registrar adreces IP. Utilitza nom\u00e9s cookies relacionades amb el nom d\u2019usuari i tercers amb finalitats t\u00e8cniques (les que permeten a l\u2019usuari navegar pel lloc web i utilitzar les diferents opcions i serveis del lloc).<\/p>\n<p>Per obtenir informaci\u00f3 m\u00e9s detallada: \/politica-de-cookies\/<\/p>\n<\/div><\/section>\n\n<style type=\"text\/css\" data-created_by=\"avia_inline_auto\" id=\"style-css-av-av_heading-10f4c1622b3f7f6aa87565a07282f486\">\n#top .av-special-heading.av-av_heading-10f4c1622b3f7f6aa87565a07282f486{\npadding-bottom:10px;\n}\nbody .av-special-heading.av-av_heading-10f4c1622b3f7f6aa87565a07282f486 .av-special-heading-tag .heading-char{\nfont-size:25px;\n}\n.av-special-heading.av-av_heading-10f4c1622b3f7f6aa87565a07282f486 .av-subheading{\nfont-size:15px;\n}\n<\/style>\n<div  class='av-special-heading av-av_heading-10f4c1622b3f7f6aa87565a07282f486 av-special-heading-h3  avia-builder-el-12  el_after_av_textblock  el_before_av_textblock '><h3 class='av-special-heading-tag '  itemprop=\"headline\"  >EXCLUSI\u00d3 DE RESPONSABILITAT DELS CONTINGUTS<\/h3><div class=\"special-heading-border\"><div class=\"special-heading-inner-border\"><\/div><\/div><\/div>\n<section  class='av_textblock_section av-jx21olj8-2d6ad9368ba5d2c26a64fba8ed92152c '   itemscope=\"itemscope\" itemtype=\"https:\/\/schema.org\/CreativeWork\" ><div class='avia_textblock'  itemprop=\"text\" ><p>L\u2019empresa no \u00e9s en cap cas responsable, ni de forma directa ni subsidi\u00e0ria, de cap contingut, informaci\u00f3, comunicaci\u00f3, opini\u00f3 o manifestaci\u00f3 de qualsevol tipus que tingui origen en l\u2019usuari o qualsevol persona o entitat i que es comuniqui, difongui, transmeti o exhibeixi mitjan\u00e7ant aquest portal.<\/p>\n<\/div><\/section>\n\n<style type=\"text\/css\" data-created_by=\"avia_inline_auto\" id=\"style-css-av-av_heading-e57543e06b656afcfb713707f14b58b8\">\n#top .av-special-heading.av-av_heading-e57543e06b656afcfb713707f14b58b8{\npadding-bottom:10px;\n}\nbody .av-special-heading.av-av_heading-e57543e06b656afcfb713707f14b58b8 .av-special-heading-tag .heading-char{\nfont-size:25px;\n}\n.av-special-heading.av-av_heading-e57543e06b656afcfb713707f14b58b8 .av-subheading{\nfont-size:15px;\n}\n<\/style>\n<div  class='av-special-heading av-av_heading-e57543e06b656afcfb713707f14b58b8 av-special-heading-h3  avia-builder-el-14  el_after_av_textblock  el_before_av_textblock '><h3 class='av-special-heading-tag '  itemprop=\"headline\"  >PROPIETAT INTEL\u00b7LECTUAL I INDUSTRIAL <\/h3><div class=\"special-heading-border\"><div class=\"special-heading-inner-border\"><\/div><\/div><\/div>\n<section  class='av_textblock_section av-jx21p5a5-5a660529c6bd4bd96a827d8a35614f39 '   itemscope=\"itemscope\" itemtype=\"https:\/\/schema.org\/CreativeWork\" ><div class='avia_textblock'  itemprop=\"text\" ><p>Tots els continguts, aix\u00ed com els noms, logotips, marques i bases de dades accessibles a les p\u00e0gines web del Portal estan subjectes als drets de propietat industrial i intel\u00b7lectual de SW Web Digital Agency Barcelona CORP S.L. o de tercers propietaris. En cap cas, l\u2019acc\u00e9s a les p\u00e0gines web del Portal implica cap tipus de ren\u00fancia, transfer\u00e8ncia o transfer\u00e8ncia, total o parcial, dels drets esmentats, ni cap dret d\u2019\u00fas, alteraci\u00f3, explotaci\u00f3, reproducci\u00f3, distribuci\u00f3 o comunicaci\u00f3 p\u00fablica del contingut. o la propietat de la propietat industrial sense la autoritzaci\u00f3 pr\u00e8via i expressa concedida a aquest efecte per l&#8217;empresa o els titulars de drets de tercers, amb l&#8217;excepci\u00f3 dels drets per visualitzar i fer c\u00f2pies per a \u00fas personal i exclusiu de l&#8217;usuari. que sempre ha d\u2019acord amb els principis de bona fe i la legislaci\u00f3 vigent.<\/p>\n<p>SW Web Digital Agency Barcelona CORP SL i altres noms de productes, serveis, gr\u00e0fics i logotips s\u00f3n marques registrades de SW Web Digital Agency Barcelona CORP SL Els noms d&#8217;altres productes, serveis i empreses esmentats en aquest document poden ser marques registrades dels seus respectius propietaris.<\/p>\n<\/div><\/section>\n\n<style type=\"text\/css\" data-created_by=\"avia_inline_auto\" id=\"style-css-av-av_heading-41c8e24d58b8319aa66e36e44ee88767\">\n#top .av-special-heading.av-av_heading-41c8e24d58b8319aa66e36e44ee88767{\npadding-bottom:10px;\n}\nbody .av-special-heading.av-av_heading-41c8e24d58b8319aa66e36e44ee88767 .av-special-heading-tag .heading-char{\nfont-size:25px;\n}\n.av-special-heading.av-av_heading-41c8e24d58b8319aa66e36e44ee88767 .av-subheading{\nfont-size:15px;\n}\n<\/style>\n<div  class='av-special-heading av-av_heading-41c8e24d58b8319aa66e36e44ee88767 av-special-heading-h3  avia-builder-el-16  el_after_av_textblock  el_before_av_textblock '><h3 class='av-special-heading-tag '  itemprop=\"headline\"  >LLEI APLICABLE<\/h3><div class=\"special-heading-border\"><div class=\"special-heading-inner-border\"><\/div><\/div><\/div>\n<section  class='av_textblock_section av-jx21plm8-08cd6e8473c8d42d245caae6601d8b73 '   itemscope=\"itemscope\" itemtype=\"https:\/\/schema.org\/CreativeWork\" ><div class='avia_textblock'  itemprop=\"text\" ><p>La llei aplicable en cas de disputa o conflicte d\u2019interpretaci\u00f3 dels termes que conformen aquest av\u00eds legal, aix\u00ed com qualsevol q\u00fcesti\u00f3 relacionada amb els serveis del portal present, ser\u00e0 la legislaci\u00f3 espanyola.<\/p>\n<\/div><\/section>\n","protected":false},"excerpt":{"rendered":"","protected":false},"author":1,"featured_media":0,"parent":0,"menu_order":0,"comment_status":"closed","ping_status":"closed","template":"","meta":{"footnotes":""},"class_list":["post-807","page","type-page","status-publish","hentry"],"yoast_head":"<!-- This site is optimized with the Yoast SEO plugin v25.3.1 - https:\/\/yoast.com\/wordpress\/plugins\/seo\/ -->\n<title>Av\u00eds legal - Digital Agency Barcelona<\/title>\n<meta name=\"robots\" content=\"index, follow, max-snippet:-1, max-image-preview:large, max-video-preview:-1\" \/>\n<link rel=\"canonical\" href=\"https:\/\/www.digitalagencybarcelona.com\/ca\/avis-legal\/\" \/>\n<meta property=\"og:locale\" content=\"ca_ES\" \/>\n<meta property=\"og:type\" content=\"article\" \/>\n<meta property=\"og:title\" content=\"Av\u00eds legal - Digital Agency Barcelona\" \/>\n<meta property=\"og:url\" content=\"https:\/\/www.digitalagencybarcelona.com\/ca\/avis-legal\/\" \/>\n<meta property=\"og:site_name\" content=\"Digital Agency Barcelona\" \/>\n<meta property=\"article:modified_time\" content=\"2022-09-08T10:34:50+00:00\" \/>\n<meta name=\"twitter:card\" content=\"summary_large_image\" \/>\n<meta name=\"twitter:label1\" content=\"Temps estimat de lectura\" \/>\n\t<meta name=\"twitter:data1\" content=\"12 minuts\" \/>\n<script type=\"application\/ld+json\" class=\"yoast-schema-graph\">{\"@context\":\"https:\/\/schema.org\",\"@graph\":[{\"@type\":\"WebPage\",\"@id\":\"https:\/\/www.digitalagencybarcelona.com\/ca\/avis-legal\/\",\"url\":\"https:\/\/www.digitalagencybarcelona.com\/ca\/avis-legal\/\",\"name\":\"Av\u00eds legal - Digital Agency Barcelona\",\"isPartOf\":{\"@id\":\"https:\/\/www.digitalagencybarcelona.com\/ca\/#website\"},\"datePublished\":\"2019-06-28T15:07:26+00:00\",\"dateModified\":\"2022-09-08T10:34:50+00:00\",\"breadcrumb\":{\"@id\":\"https:\/\/www.digitalagencybarcelona.com\/ca\/avis-legal\/#breadcrumb\"},\"inLanguage\":\"ca\",\"potentialAction\":[{\"@type\":\"ReadAction\",\"target\":[\"https:\/\/www.digitalagencybarcelona.com\/ca\/avis-legal\/\"]}]},{\"@type\":\"BreadcrumbList\",\"@id\":\"https:\/\/www.digitalagencybarcelona.com\/ca\/avis-legal\/#breadcrumb\",\"itemListElement\":[{\"@type\":\"ListItem\",\"position\":1,\"name\":\"Portada\",\"item\":\"https:\/\/www.digitalagencybarcelona.com\/ca\/inici\/\"},{\"@type\":\"ListItem\",\"position\":2,\"name\":\"Av\u00eds legal\"}]},{\"@type\":\"WebSite\",\"@id\":\"https:\/\/www.digitalagencybarcelona.com\/ca\/#website\",\"url\":\"https:\/\/www.digitalagencybarcelona.com\/ca\/\",\"name\":\"Digital Agency Barcelona\",\"description\":\"Web design, marketing en ligne, application mobile, gestion de RRSS, mailing et autres services tels que l&#039;h\u00e9bergement ou la gestion de comptes mail...\",\"potentialAction\":[{\"@type\":\"SearchAction\",\"target\":{\"@type\":\"EntryPoint\",\"urlTemplate\":\"https:\/\/www.digitalagencybarcelona.com\/ca\/?s={search_term_string}\"},\"query-input\":{\"@type\":\"PropertyValueSpecification\",\"valueRequired\":true,\"valueName\":\"search_term_string\"}}],\"inLanguage\":\"ca\"}]}<\/script>\n<!-- \/ Yoast SEO plugin. -->","yoast_head_json":{"title":"Av\u00eds legal - Digital Agency Barcelona","robots":{"index":"index","follow":"follow","max-snippet":"max-snippet:-1","max-image-preview":"max-image-preview:large","max-video-preview":"max-video-preview:-1"},"canonical":"https:\/\/www.digitalagencybarcelona.com\/ca\/avis-legal\/","og_locale":"ca_ES","og_type":"article","og_title":"Av\u00eds legal - Digital Agency Barcelona","og_url":"https:\/\/www.digitalagencybarcelona.com\/ca\/avis-legal\/","og_site_name":"Digital Agency Barcelona","article_modified_time":"2022-09-08T10:34:50+00:00","twitter_card":"summary_large_image","twitter_misc":{"Temps estimat de lectura":"12 minuts"},"schema":{"@context":"https:\/\/schema.org","@graph":[{"@type":"WebPage","@id":"https:\/\/www.digitalagencybarcelona.com\/ca\/avis-legal\/","url":"https:\/\/www.digitalagencybarcelona.com\/ca\/avis-legal\/","name":"Av\u00eds legal - Digital Agency Barcelona","isPartOf":{"@id":"https:\/\/www.digitalagencybarcelona.com\/ca\/#website"},"datePublished":"2019-06-28T15:07:26+00:00","dateModified":"2022-09-08T10:34:50+00:00","breadcrumb":{"@id":"https:\/\/www.digitalagencybarcelona.com\/ca\/avis-legal\/#breadcrumb"},"inLanguage":"ca","potentialAction":[{"@type":"ReadAction","target":["https:\/\/www.digitalagencybarcelona.com\/ca\/avis-legal\/"]}]},{"@type":"BreadcrumbList","@id":"https:\/\/www.digitalagencybarcelona.com\/ca\/avis-legal\/#breadcrumb","itemListElement":[{"@type":"ListItem","position":1,"name":"Portada","item":"https:\/\/www.digitalagencybarcelona.com\/ca\/inici\/"},{"@type":"ListItem","position":2,"name":"Av\u00eds legal"}]},{"@type":"WebSite","@id":"https:\/\/www.digitalagencybarcelona.com\/ca\/#website","url":"https:\/\/www.digitalagencybarcelona.com\/ca\/","name":"Digital Agency Barcelona","description":"Web design, marketing en ligne, application mobile, gestion de RRSS, mailing et autres services tels que l&#039;h\u00e9bergement ou la gestion de comptes mail...","potentialAction":[{"@type":"SearchAction","target":{"@type":"EntryPoint","urlTemplate":"https:\/\/www.digitalagencybarcelona.com\/ca\/?s={search_term_string}"},"query-input":{"@type":"PropertyValueSpecification","valueRequired":true,"valueName":"search_term_string"}}],"inLanguage":"ca"}]}},"_links":{"self":[{"href":"https:\/\/www.digitalagencybarcelona.com\/ca\/wp-json\/wp\/v2\/pages\/807","targetHints":{"allow":["GET"]}}],"collection":[{"href":"https:\/\/www.digitalagencybarcelona.com\/ca\/wp-json\/wp\/v2\/pages"}],"about":[{"href":"https:\/\/www.digitalagencybarcelona.com\/ca\/wp-json\/wp\/v2\/types\/page"}],"author":[{"embeddable":true,"href":"https:\/\/www.digitalagencybarcelona.com\/ca\/wp-json\/wp\/v2\/users\/1"}],"replies":[{"embeddable":true,"href":"https:\/\/www.digitalagencybarcelona.com\/ca\/wp-json\/wp\/v2\/comments?post=807"}],"version-history":[{"count":4,"href":"https:\/\/www.digitalagencybarcelona.com\/ca\/wp-json\/wp\/v2\/pages\/807\/revisions"}],"predecessor-version":[{"id":1791,"href":"https:\/\/www.digitalagencybarcelona.com\/ca\/wp-json\/wp\/v2\/pages\/807\/revisions\/1791"}],"wp:attachment":[{"href":"https:\/\/www.digitalagencybarcelona.com\/ca\/wp-json\/wp\/v2\/media?parent=807"}],"curies":[{"name":"wp","href":"https:\/\/api.w.org\/{rel}","templated":true}]}}